{"id":5736,"date":"2022-01-08T14:25:11","date_gmt":"2022-01-08T11:25:11","guid":{"rendered":"https:\/\/teksubaglanti.com.tr\/?page_id=5736"},"modified":"2022-05-23T12:01:32","modified_gmt":"2022-05-23T09:01:32","slug":"urunlerimiz","status":"publish","type":"page","link":"https:\/\/teksubaglanti.com.tr\/?page_id=5736","title":{"rendered":"\u00dcR\u00dcNLER\u0130M\u0130Z"},"content":{"rendered":"\t\t<div data-elementor-type=\"wp-page\" data-elementor-id=\"5736\" class=\"elementor elementor-5736\" data-elementor-settings=\"[]\">\n\t\t\t\t\t\t\t<div class=\"elementor-section-wrap\">\n\t\t\t\t\t        <section class=\"elementor-section elementor-top-section elementor-element elementor-element-d913559 elementor-section-boxed elementor-section-height-default elementor-section-height-default ct-header-fixed-none ct-row-max-none\" data-id=\"d913559\" data-element_type=\"section\">\n            \n                        <div class=\"elementor-container elementor-column-gap-default \">\n                    <div class=\"elementor-column elementor-col-100 elementor-top-column elementor-element elementor-element-d9a12e2\" data-id=\"d9a12e2\" data-element_type=\"column\">\n            <div class=\"elementor-widget-wrap elementor-element-populated\">\n                        \t\t<div class=\"elementor-element elementor-element-aa1cb43 gallery-spacing-custom elementor-widget elementor-widget-image-gallery\" data-id=\"aa1cb43\" data-element_type=\"widget\" data-widget_type=\"image-gallery.default\">\n\t\t\t\t<div class=\"elementor-widget-container\">\n\t\t\t<style>\/*! elementor - v3.5.3 - 28-12-2021 *\/\n.elementor-image-gallery .gallery-item{display:inline-block;text-align:center;vertical-align:top;width:100%;max-width:100%;margin:0 auto}.elementor-image-gallery .gallery-item img{margin:0 auto}.elementor-image-gallery .gallery-item .gallery-caption{margin:0}.elementor-image-gallery figure img{display:block}.elementor-image-gallery figure figcaption{width:100%}.gallery-spacing-custom .elementor-image-gallery .gallery-icon{padding:0}@media (min-width:768px){.elementor-image-gallery .gallery-columns-2 .gallery-item{max-width:50%}.elementor-image-gallery .gallery-columns-3 .gallery-item{max-width:33.33%}.elementor-image-gallery .gallery-columns-4 .gallery-item{max-width:25%}.elementor-image-gallery .gallery-columns-5 .gallery-item{max-width:20%}.elementor-image-gallery .gallery-columns-6 .gallery-item{max-width:16.666%}.elementor-image-gallery .gallery-columns-7 .gallery-item{max-width:14.28%}.elementor-image-gallery .gallery-columns-8 .gallery-item{max-width:12.5%}.elementor-image-gallery .gallery-columns-9 .gallery-item{max-width:11.11%}.elementor-image-gallery .gallery-columns-10 .gallery-item{max-width:10%}}@media (min-width:480px) and (max-width:767px){.elementor-image-gallery .gallery.gallery-columns-2 .gallery-item,.elementor-image-gallery .gallery.gallery-columns-3 .gallery-item,.elementor-image-gallery .gallery.gallery-columns-4 .gallery-item,.elementor-image-gallery .gallery.gallery-columns-5 .gallery-item,.elementor-image-gallery .gallery.gallery-columns-6 .gallery-item,.elementor-image-gallery .gallery.gallery-columns-7 .gallery-item,.elementor-image-gallery .gallery.gallery-columns-8 .gallery-item,.elementor-image-gallery .gallery.gallery-columns-9 .gallery-item,.elementor-image-gallery .gallery.gallery-columns-10 .gallery-item{max-width:50%}}@media (max-width:479px){.elementor-image-gallery .gallery.gallery-columns-2 .gallery-item,.elementor-image-gallery .gallery.gallery-columns-3 .gallery-item,.elementor-image-gallery .gallery.gallery-columns-4 .gallery-item,.elementor-image-gallery .gallery.gallery-columns-5 .gallery-item,.elementor-image-gallery .gallery.gallery-columns-6 .gallery-item,.elementor-image-gallery .gallery.gallery-columns-7 .gallery-item,.elementor-image-gallery .gallery.gallery-columns-8 .gallery-item,.elementor-image-gallery .gallery.gallery-columns-9 .gallery-item,.elementor-image-gallery .gallery.gallery-columns-10 .gallery-item{max-width:100%}}<\/style>\t\t<div class=\"elementor-image-gallery\">\n\t\t\t<div id='gallery-1' class='gallery galleryid-5736 gallery-columns-4 gallery-size-consultio-medium'><figure class='gallery-item'>\n\t\t\t<div class='gallery-icon landscape'>\n\t\t\t\t<a data-elementor-open-lightbox=\"yes\" data-elementor-lightbox-slideshow=\"aa1cb43\" data-elementor-lightbox-title=\"WhatsApp Image 2022-05-17 at 11.16.08\" href='https:\/\/teksubaglanti.com.tr\/wp-content\/uploads\/2022\/05\/WhatsApp-Image-2022-05-17-at-11.16.08.jpeg'><img decoding=\"async\" width=\"600\" height=\"450\" src=\"https:\/\/teksubaglanti.com.tr\/wp-content\/uploads\/2022\/05\/WhatsApp-Image-2022-05-17-at-11.16.08-600x450.jpeg\" class=\"attachment-consultio-medium size-consultio-medium\" alt=\"\" srcset=\"https:\/\/teksubaglanti.com.tr\/wp-content\/uploads\/2022\/05\/WhatsApp-Image-2022-05-17-at-11.16.08-600x450.jpeg 600w, https:\/\/teksubaglanti.com.tr\/wp-content\/uploads\/2022\/05\/WhatsApp-Image-2022-05-17-at-11.16.08-300x225.jpeg 300w, https:\/\/teksubaglanti.com.tr\/wp-content\/uploads\/2022\/05\/WhatsApp-Image-2022-05-17-at-11.16.08-1024x768.jpeg 1024w, https:\/\/teksubaglanti.com.tr\/wp-content\/uploads\/2022\/05\/WhatsApp-Image-2022-05-17-at-11.16.08-768x576.jpeg 768w, https:\/\/teksubaglanti.com.tr\/wp-content\/uploads\/2022\/05\/WhatsApp-Image-2022-05-17-at-11.16.08-1536x1152.jpeg 1536w, https:\/\/teksubaglanti.com.tr\/wp-content\/uploads\/2022\/05\/WhatsApp-Image-2022-05-17-at-11.16.08.jpeg 2048w\" sizes=\"(max-width: 600px) 100vw, 600px\" \/><\/a>\n\t\t\t<\/div><\/figure><figure class='gallery-item'>\n\t\t\t<div class='gallery-icon portrait'>\n\t\t\t\t<a data-elementor-open-lightbox=\"yes\" data-elementor-lightbox-slideshow=\"aa1cb43\" data-elementor-lightbox-title=\"WhatsApp Image 2022-05-17 at 11.16.09\" href='https:\/\/teksubaglanti.com.tr\/wp-content\/uploads\/2022\/05\/WhatsApp-Image-2022-05-17-at-11.16.09.jpeg'><img decoding=\"async\" width=\"600\" height=\"450\" src=\"https:\/\/teksubaglanti.com.tr\/wp-content\/uploads\/2022\/05\/WhatsApp-Image-2022-05-17-at-11.16.09-600x450.jpeg\" class=\"attachment-consultio-medium size-consultio-medium\" alt=\"\" \/><\/a>\n\t\t\t<\/div><\/figure><figure class='gallery-item'>\n\t\t\t<div class='gallery-icon portrait'>\n\t\t\t\t<a data-elementor-open-lightbox=\"yes\" data-elementor-lightbox-slideshow=\"aa1cb43\" data-elementor-lightbox-title=\"WhatsApp Image 2022-05-17 at 11.20.57 (2)\" href='https:\/\/teksubaglanti.com.tr\/wp-content\/uploads\/2022\/05\/WhatsApp-Image-2022-05-17-at-11.20.57-2.jpeg'><img decoding=\"async\" width=\"600\" height=\"450\" src=\"https:\/\/teksubaglanti.com.tr\/wp-content\/uploads\/2022\/05\/WhatsApp-Image-2022-05-17-at-11.20.57-2-600x450.jpeg\" class=\"attachment-consultio-medium size-consultio-medium\" alt=\"\" \/><\/a>\n\t\t\t<\/div><\/figure><figure class='gallery-item'>\n\t\t\t<div class='gallery-icon portrait'>\n\t\t\t\t<a data-elementor-open-lightbox=\"yes\" data-elementor-lightbox-slideshow=\"aa1cb43\" data-elementor-lightbox-title=\"WhatsApp Image 2022-05-17 at 11.20.58 (2)\" href='https:\/\/teksubaglanti.com.tr\/wp-content\/uploads\/2022\/05\/WhatsApp-Image-2022-05-17-at-11.20.58-2.jpeg'><img decoding=\"async\" width=\"600\" height=\"450\" src=\"https:\/\/teksubaglanti.com.tr\/wp-content\/uploads\/2022\/05\/WhatsApp-Image-2022-05-17-at-11.20.58-2-600x450.jpeg\" class=\"attachment-consultio-medium size-consultio-medium\" alt=\"\" \/><\/a>\n\t\t\t<\/div><\/figure><figure class='gallery-item'>\n\t\t\t<div class='gallery-icon landscape'>\n\t\t\t\t<a data-elementor-open-lightbox=\"yes\" data-elementor-lightbox-slideshow=\"aa1cb43\" data-elementor-lightbox-title=\"WhatsApp Image 2022-05-17 at 11.20.58\" href='https:\/\/teksubaglanti.com.tr\/wp-content\/uploads\/2022\/05\/WhatsApp-Image-2022-05-17-at-11.20.58.jpeg'><img decoding=\"async\" width=\"600\" height=\"450\" src=\"https:\/\/teksubaglanti.com.tr\/wp-content\/uploads\/2022\/05\/WhatsApp-Image-2022-05-17-at-11.20.58-600x450.jpeg\" class=\"attachment-consultio-medium size-consultio-medium\" alt=\"\" srcset=\"https:\/\/teksubaglanti.com.tr\/wp-content\/uploads\/2022\/05\/WhatsApp-Image-2022-05-17-at-11.20.58-600x450.jpeg 600w, https:\/\/teksubaglanti.com.tr\/wp-content\/uploads\/2022\/05\/WhatsApp-Image-2022-05-17-at-11.20.58-300x225.jpeg 300w, https:\/\/teksubaglanti.com.tr\/wp-content\/uploads\/2022\/05\/WhatsApp-Image-2022-05-17-at-11.20.58-1024x768.jpeg 1024w, https:\/\/teksubaglanti.com.tr\/wp-content\/uploads\/2022\/05\/WhatsApp-Image-2022-05-17-at-11.20.58-768x576.jpeg 768w, https:\/\/teksubaglanti.com.tr\/wp-content\/uploads\/2022\/05\/WhatsApp-Image-2022-05-17-at-11.20.58-1536x1152.jpeg 1536w, https:\/\/teksubaglanti.com.tr\/wp-content\/uploads\/2022\/05\/WhatsApp-Image-2022-05-17-at-11.20.58.jpeg 2048w\" sizes=\"(max-width: 600px) 100vw, 600px\" \/><\/a>\n\t\t\t<\/div><\/figure><figure class='gallery-item'>\n\t\t\t<div class='gallery-icon portrait'>\n\t\t\t\t<a data-elementor-open-lightbox=\"yes\" data-elementor-lightbox-slideshow=\"aa1cb43\" data-elementor-lightbox-title=\"WhatsApp Image 2022-05-17 at 11.20.57\" href='https:\/\/teksubaglanti.com.tr\/wp-content\/uploads\/2022\/05\/WhatsApp-Image-2022-05-17-at-11.20.57.jpeg'><img decoding=\"async\" width=\"600\" height=\"450\" src=\"https:\/\/teksubaglanti.com.tr\/wp-content\/uploads\/2022\/05\/WhatsApp-Image-2022-05-17-at-11.20.57-600x450.jpeg\" class=\"attachment-consultio-medium size-consultio-medium\" alt=\"\" \/><\/a>\n\t\t\t<\/div><\/figure><figure class='gallery-item'>\n\t\t\t<div class='gallery-icon portrait'>\n\t\t\t\t<a data-elementor-open-lightbox=\"yes\" data-elementor-lightbox-slideshow=\"aa1cb43\" data-elementor-lightbox-title=\"WhatsApp Image 2022-05-17 at 11.20.56 (2)\" href='https:\/\/teksubaglanti.com.tr\/wp-content\/uploads\/2022\/05\/WhatsApp-Image-2022-05-17-at-11.20.56-2.jpeg'><img decoding=\"async\" width=\"600\" height=\"450\" src=\"https:\/\/teksubaglanti.com.tr\/wp-content\/uploads\/2022\/05\/WhatsApp-Image-2022-05-17-at-11.20.56-2-600x450.jpeg\" class=\"attachment-consultio-medium size-consultio-medium\" alt=\"\" \/><\/a>\n\t\t\t<\/div><\/figure><figure class='gallery-item'>\n\t\t\t<div class='gallery-icon portrait'>\n\t\t\t\t<a data-elementor-open-lightbox=\"yes\" data-elementor-lightbox-slideshow=\"aa1cb43\" data-elementor-lightbox-title=\"WhatsApp Image 2022-05-17 at 11.20.56\" href='https:\/\/teksubaglanti.com.tr\/wp-content\/uploads\/2022\/05\/WhatsApp-Image-2022-05-17-at-11.20.56.jpeg'><img decoding=\"async\" width=\"600\" height=\"450\" src=\"https:\/\/teksubaglanti.com.tr\/wp-content\/uploads\/2022\/05\/WhatsApp-Image-2022-05-17-at-11.20.56-600x450.jpeg\" class=\"attachment-consultio-medium size-consultio-medium\" alt=\"\" \/><\/a>\n\t\t\t<\/div><\/figure><figure class='gallery-item'>\n\t\t\t<div class='gallery-icon portrait'>\n\t\t\t\t<a data-elementor-open-lightbox=\"yes\" data-elementor-lightbox-slideshow=\"aa1cb43\" data-elementor-lightbox-title=\"WhatsApp Image 2022-05-17 at 11.20.55 (2)\" href='https:\/\/teksubaglanti.com.tr\/wp-content\/uploads\/2022\/05\/WhatsApp-Image-2022-05-17-at-11.20.55-2.jpeg'><img decoding=\"async\" width=\"600\" height=\"450\" src=\"https:\/\/teksubaglanti.com.tr\/wp-content\/uploads\/2022\/05\/WhatsApp-Image-2022-05-17-at-11.20.55-2-600x450.jpeg\" class=\"attachment-consultio-medium size-consultio-medium\" alt=\"\" \/><\/a>\n\t\t\t<\/div><\/figure><figure class='gallery-item'>\n\t\t\t<div class='gallery-icon portrait'>\n\t\t\t\t<a data-elementor-open-lightbox=\"yes\" data-elementor-lightbox-slideshow=\"aa1cb43\" data-elementor-lightbox-title=\"WhatsApp Image 2022-05-17 at 11.20.55 (1)\" href='https:\/\/teksubaglanti.com.tr\/wp-content\/uploads\/2022\/05\/WhatsApp-Image-2022-05-17-at-11.20.55-1.jpeg'><img decoding=\"async\" width=\"600\" height=\"450\" src=\"https:\/\/teksubaglanti.com.tr\/wp-content\/uploads\/2022\/05\/WhatsApp-Image-2022-05-17-at-11.20.55-1-600x450.jpeg\" class=\"attachment-consultio-medium size-consultio-medium\" alt=\"\" \/><\/a>\n\t\t\t<\/div><\/figure><figure class='gallery-item'>\n\t\t\t<div class='gallery-icon portrait'>\n\t\t\t\t<a data-elementor-open-lightbox=\"yes\" data-elementor-lightbox-slideshow=\"aa1cb43\" data-elementor-lightbox-title=\"WhatsApp Image 2022-05-17 at 11.20.55\" href='https:\/\/teksubaglanti.com.tr\/wp-content\/uploads\/2022\/05\/WhatsApp-Image-2022-05-17-at-11.20.55.jpeg'><img decoding=\"async\" width=\"600\" height=\"450\" src=\"https:\/\/teksubaglanti.com.tr\/wp-content\/uploads\/2022\/05\/WhatsApp-Image-2022-05-17-at-11.20.55-600x450.jpeg\" class=\"attachment-consultio-medium size-consultio-medium\" alt=\"\" \/><\/a>\n\t\t\t<\/div><\/figure><figure class='gallery-item'>\n\t\t\t<div class='gallery-icon portrait'>\n\t\t\t\t<a data-elementor-open-lightbox=\"yes\" data-elementor-lightbox-slideshow=\"aa1cb43\" data-elementor-lightbox-title=\"WhatsApp Image 2022-05-17 at 11.20.54\" href='https:\/\/teksubaglanti.com.tr\/wp-content\/uploads\/2022\/05\/WhatsApp-Image-2022-05-17-at-11.20.54.jpeg'><img decoding=\"async\" width=\"600\" height=\"450\" src=\"https:\/\/teksubaglanti.com.tr\/wp-content\/uploads\/2022\/05\/WhatsApp-Image-2022-05-17-at-11.20.54-600x450.jpeg\" class=\"attachment-consultio-medium size-consultio-medium\" alt=\"\" \/><\/a>\n\t\t\t<\/div><\/figure><figure class='gallery-item'>\n\t\t\t<div class='gallery-icon portrait'>\n\t\t\t\t<a data-elementor-open-lightbox=\"yes\" data-elementor-lightbox-slideshow=\"aa1cb43\" data-elementor-lightbox-title=\"WhatsApp Image 2022-05-17 at 11.16.20\" href='https:\/\/teksubaglanti.com.tr\/wp-content\/uploads\/2022\/05\/WhatsApp-Image-2022-05-17-at-11.16.20.jpeg'><img decoding=\"async\" width=\"600\" height=\"450\" src=\"https:\/\/teksubaglanti.com.tr\/wp-content\/uploads\/2022\/05\/WhatsApp-Image-2022-05-17-at-11.16.20-600x450.jpeg\" class=\"attachment-consultio-medium size-consultio-medium\" alt=\"\" \/><\/a>\n\t\t\t<\/div><\/figure><figure class='gallery-item'>\n\t\t\t<div class='gallery-icon portrait'>\n\t\t\t\t<a data-elementor-open-lightbox=\"yes\" data-elementor-lightbox-slideshow=\"aa1cb43\" data-elementor-lightbox-title=\"WhatsApp Image 2022-05-17 at 11.16.16\" href='https:\/\/teksubaglanti.com.tr\/wp-content\/uploads\/2022\/05\/WhatsApp-Image-2022-05-17-at-11.16.16.jpeg'><img decoding=\"async\" width=\"600\" height=\"450\" src=\"https:\/\/teksubaglanti.com.tr\/wp-content\/uploads\/2022\/05\/WhatsApp-Image-2022-05-17-at-11.16.16-600x450.jpeg\" class=\"attachment-consultio-medium size-consultio-medium\" alt=\"\" \/><\/a>\n\t\t\t<\/div><\/figure><figure class='gallery-item'>\n\t\t\t<div class='gallery-icon portrait'>\n\t\t\t\t<a data-elementor-open-lightbox=\"yes\" data-elementor-lightbox-slideshow=\"aa1cb43\" data-elementor-lightbox-title=\"WhatsApp Image 2022-05-17 at 11.16.15\" href='https:\/\/teksubaglanti.com.tr\/wp-content\/uploads\/2022\/05\/WhatsApp-Image-2022-05-17-at-11.16.15.jpeg'><img decoding=\"async\" width=\"600\" height=\"450\" src=\"https:\/\/teksubaglanti.com.tr\/wp-content\/uploads\/2022\/05\/WhatsApp-Image-2022-05-17-at-11.16.15-600x450.jpeg\" class=\"attachment-consultio-medium size-consultio-medium\" alt=\"\" \/><\/a>\n\t\t\t<\/div><\/figure><figure class='gallery-item'>\n\t\t\t<div class='gallery-icon portrait'>\n\t\t\t\t<a data-elementor-open-lightbox=\"yes\" data-elementor-lightbox-slideshow=\"aa1cb43\" data-elementor-lightbox-title=\"WhatsApp Image 2022-05-17 at 11.16.14\" href='https:\/\/teksubaglanti.com.tr\/wp-content\/uploads\/2022\/05\/WhatsApp-Image-2022-05-17-at-11.16.14.jpeg'><img decoding=\"async\" width=\"600\" height=\"450\" src=\"https:\/\/teksubaglanti.com.tr\/wp-content\/uploads\/2022\/05\/WhatsApp-Image-2022-05-17-at-11.16.14-600x450.jpeg\" class=\"attachment-consultio-medium size-consultio-medium\" alt=\"\" \/><\/a>\n\t\t\t<\/div><\/figure><figure class='gallery-item'>\n\t\t\t<div class='gallery-icon portrait'>\n\t\t\t\t<a data-elementor-open-lightbox=\"yes\" data-elementor-lightbox-slideshow=\"aa1cb43\" data-elementor-lightbox-title=\"WhatsApp Image 2022-05-17 at 11.16.13 (1)\" href='https:\/\/teksubaglanti.com.tr\/wp-content\/uploads\/2022\/05\/WhatsApp-Image-2022-05-17-at-11.16.13-1.jpeg'><img decoding=\"async\" width=\"600\" height=\"450\" src=\"https:\/\/teksubaglanti.com.tr\/wp-content\/uploads\/2022\/05\/WhatsApp-Image-2022-05-17-at-11.16.13-1-600x450.jpeg\" class=\"attachment-consultio-medium size-consultio-medium\" alt=\"\" \/><\/a>\n\t\t\t<\/div><\/figure><figure class='gallery-item'>\n\t\t\t<div class='gallery-icon portrait'>\n\t\t\t\t<a data-elementor-open-lightbox=\"yes\" data-elementor-lightbox-slideshow=\"aa1cb43\" data-elementor-lightbox-title=\"WhatsApp Image 2022-05-17 at 11.16.11 (2)\" href='https:\/\/teksubaglanti.com.tr\/wp-content\/uploads\/2022\/05\/WhatsApp-Image-2022-05-17-at-11.16.11-2.jpeg'><img decoding=\"async\" width=\"600\" height=\"450\" src=\"https:\/\/teksubaglanti.com.tr\/wp-content\/uploads\/2022\/05\/WhatsApp-Image-2022-05-17-at-11.16.11-2-600x450.jpeg\" class=\"attachment-consultio-medium size-consultio-medium\" alt=\"\" \/><\/a>\n\t\t\t<\/div><\/figure><figure class='gallery-item'>\n\t\t\t<div class='gallery-icon portrait'>\n\t\t\t\t<a data-elementor-open-lightbox=\"yes\" data-elementor-lightbox-slideshow=\"aa1cb43\" data-elementor-lightbox-title=\"WhatsApp Image 2022-05-17 at 11.16.11 (1)\" href='https:\/\/teksubaglanti.com.tr\/wp-content\/uploads\/2022\/05\/WhatsApp-Image-2022-05-17-at-11.16.11-1.jpeg'><img decoding=\"async\" width=\"600\" height=\"450\" src=\"https:\/\/teksubaglanti.com.tr\/wp-content\/uploads\/2022\/05\/WhatsApp-Image-2022-05-17-at-11.16.11-1-600x450.jpeg\" class=\"attachment-consultio-medium size-consultio-medium\" alt=\"\" \/><\/a>\n\t\t\t<\/div><\/figure><figure class='gallery-item'>\n\t\t\t<div class='gallery-icon portrait'>\n\t\t\t\t<a data-elementor-open-lightbox=\"yes\" data-elementor-lightbox-slideshow=\"aa1cb43\" data-elementor-lightbox-title=\"WhatsApp Image 2022-05-17 at 11.16.11\" href='https:\/\/teksubaglanti.com.tr\/wp-content\/uploads\/2022\/05\/WhatsApp-Image-2022-05-17-at-11.16.11.jpeg'><img decoding=\"async\" width=\"600\" height=\"450\" src=\"https:\/\/teksubaglanti.com.tr\/wp-content\/uploads\/2022\/05\/WhatsApp-Image-2022-05-17-at-11.16.11-600x450.jpeg\" class=\"attachment-consultio-medium size-consultio-medium\" alt=\"\" \/><\/a>\n\t\t\t<\/div><\/figure><figure class='gallery-item'>\n\t\t\t<div class='gallery-icon portrait'>\n\t\t\t\t<a data-elementor-open-lightbox=\"yes\" data-elementor-lightbox-slideshow=\"aa1cb43\" data-elementor-lightbox-title=\"WhatsApp Image 2022-05-17 at 11.16.10\" href='https:\/\/teksubaglanti.com.tr\/wp-content\/uploads\/2022\/05\/WhatsApp-Image-2022-05-17-at-11.16.10.jpeg'><img decoding=\"async\" width=\"600\" height=\"450\" src=\"https:\/\/teksubaglanti.com.tr\/wp-content\/uploads\/2022\/05\/WhatsApp-Image-2022-05-17-at-11.16.10-600x450.jpeg\" class=\"attachment-consultio-medium size-consultio-medium\" alt=\"\" \/><\/a>\n\t\t\t<\/div><\/figure>\n\t\t<\/div>\n\t\t<\/div>\n\t\t\t\t<\/div>\n\t\t\t\t<\/div>\n\t\t            <\/div>\n        <\/div>\n                            <\/div>\n        <\/section>\n                <section class=\"elementor-section elementor-top-section elementor-element elementor-element-45d5d48 elementor-section-boxed elementor-section-height-default elementor-section-height-default ct-header-fixed-none ct-row-max-none\" data-id=\"45d5d48\" data-element_type=\"section\">\n            \n                        <div class=\"elementor-container elementor-column-gap-default \">\n                    <div class=\"elementor-column elementor-col-33 elementor-top-column elementor-element elementor-element-8b9cdbf\" data-id=\"8b9cdbf\" data-element_type=\"column\">\n            <div class=\"elementor-widget-wrap elementor-element-populated\">\n                        \t\t<div class=\"elementor-element elementor-element-8a85a90 elementor-aspect-ratio-11 elementor-widget elementor-widget-video\" data-id=\"8a85a90\" data-element_type=\"widget\" data-settings=\"{&quot;video_type&quot;:&quot;hosted&quot;,&quot;aspect_ratio&quot;:&quot;11&quot;,&quot;controls&quot;:&quot;yes&quot;}\" data-widget_type=\"video.default\">\n\t\t\t\t<div class=\"elementor-widget-container\">\n\t\t\t<style>\/*! elementor - v3.5.3 - 28-12-2021 *\/\n.elementor-widget-video .elementor-widget-container{overflow:hidden;-webkit-transform:translateZ(0);transform:translateZ(0)}.elementor-widget-video .elementor-open-inline .elementor-custom-embed-image-overlay{position:absolute;top:0;left:0;width:100%;height:100%;-webkit-background-size:cover;background-size:cover;background-position:50%}.elementor-widget-video .elementor-custom-embed-image-overlay{cursor:pointer;text-align:center}.elementor-widget-video .elementor-custom-embed-image-overlay:hover .elementor-custom-embed-play i{opacity:1}.elementor-widget-video .elementor-custom-embed-image-overlay img{display:block;width:100%}.elementor-widget-video .e-hosted-video .elementor-video{-o-object-fit:cover;object-fit:cover}<\/style>\t\t<div class=\"e-hosted-video elementor-wrapper elementor-fit-aspect-ratio elementor-open-inline\">\n\t\t\t\t\t<video class=\"elementor-video\" src=\"https:\/\/teksubaglanti.com.tr\/wp-content\/uploads\/2022\/05\/WhatsApp-Video-2022-05-17-at-11.16.14-1.mp4\" controls=\"\" controlsList=\"nodownload\"><\/video>\n\t\t\t\t<\/div>\n\t\t\t\t<\/div>\n\t\t\t\t<\/div>\n\t\t            <\/div>\n        <\/div>\n                <div class=\"elementor-column elementor-col-33 elementor-top-column elementor-element elementor-element-15156be\" data-id=\"15156be\" data-element_type=\"column\">\n            <div class=\"elementor-widget-wrap elementor-element-populated\">\n                        \t\t<div class=\"elementor-element elementor-element-6fb3950 elementor-aspect-ratio-11 elementor-widget elementor-widget-video\" data-id=\"6fb3950\" data-element_type=\"widget\" data-settings=\"{&quot;video_type&quot;:&quot;hosted&quot;,&quot;aspect_ratio&quot;:&quot;11&quot;,&quot;controls&quot;:&quot;yes&quot;}\" data-widget_type=\"video.default\">\n\t\t\t\t<div class=\"elementor-widget-container\">\n\t\t\t\t\t<div class=\"e-hosted-video elementor-wrapper elementor-fit-aspect-ratio elementor-open-inline\">\n\t\t\t\t\t<video class=\"elementor-video\" src=\"https:\/\/teksubaglanti.com.tr\/wp-content\/uploads\/2022\/05\/WhatsApp-Video-2022-05-17-at-11.34.15-2.mp4\" controls=\"\" controlsList=\"nodownload\"><\/video>\n\t\t\t\t<\/div>\n\t\t\t\t<\/div>\n\t\t\t\t<\/div>\n\t\t            <\/div>\n        <\/div>\n                <div class=\"elementor-column elementor-col-33 elementor-top-column elementor-element elementor-element-f24a947\" data-id=\"f24a947\" data-element_type=\"column\">\n            <div class=\"elementor-widget-wrap elementor-element-populated\">\n                        \t\t<div class=\"elementor-element elementor-element-db63169 elementor-aspect-ratio-11 elementor-widget elementor-widget-video\" data-id=\"db63169\" data-element_type=\"widget\" data-settings=\"{&quot;video_type&quot;:&quot;hosted&quot;,&quot;aspect_ratio&quot;:&quot;11&quot;,&quot;controls&quot;:&quot;yes&quot;}\" data-widget_type=\"video.default\">\n\t\t\t\t<div class=\"elementor-widget-container\">\n\t\t\t\t\t<div class=\"e-hosted-video elementor-wrapper elementor-fit-aspect-ratio elementor-open-inline\">\n\t\t\t\t\t<video class=\"elementor-video\" src=\"https:\/\/teksubaglanti.com.tr\/wp-content\/uploads\/2022\/05\/WhatsApp-Video-2022-05-17-at-11.16.14.mp4\" controls=\"\" controlsList=\"nodownload\"><\/video>\n\t\t\t\t<\/div>\n\t\t\t\t<\/div>\n\t\t\t\t<\/div>\n\t\t            <\/div>\n        <\/div>\n                            <\/div>\n        <\/section>\n        \t\t\t\t<\/div>\n\t\t\t\t\t<\/div>\n\t\t","protected":false},"excerpt":{"rendered":"<p>https:\/\/teksubaglanti.com.tr\/wp-content\/uploads\/2022\/05\/WhatsApp-Video-2022-05-17-at-11.16.14-1.mp4https:\/\/teksubaglanti.com.tr\/wp-content\/uploads\/2022\/05\/WhatsApp-Video-2022-05-17-at-11.34.15-2.mp4https:\/\/teksubaglanti.com.tr\/wp-content\/uploads\/2022\/05\/WhatsApp-Video-2022-05-17-at-11.16.14.mp4<\/p>\n","protected":false},"author":1,"featured_media":0,"parent":0,"menu_order":0,"comment_status":"closed","ping_status":"closed","template":"","meta":{"footnotes":""},"class_list":["post-5736","page","type-page","status-publish","hentry"],"_links":{"self":[{"href":"https:\/\/teksubaglanti.com.tr\/index.php?rest_route=\/wp\/v2\/pages\/5736","targetHints":{"allow":["GET"]}}],"collection":[{"href":"https:\/\/teksubaglanti.com.tr\/index.php?rest_route=\/wp\/v2\/pages"}],"about":[{"href":"https:\/\/teksubaglanti.com.tr\/index.php?rest_route=\/wp\/v2\/types\/page"}],"author":[{"embeddable":true,"href":"https:\/\/teksubaglanti.com.tr\/index.php?rest_route=\/wp\/v2\/users\/1"}],"replies":[{"embeddable":true,"href":"https:\/\/teksubaglanti.com.tr\/index.php?rest_route=%2Fwp%2Fv2%2Fcomments&post=5736"}],"version-history":[{"count":10,"href":"https:\/\/teksubaglanti.com.tr\/index.php?rest_route=\/wp\/v2\/pages\/5736\/revisions"}],"predecessor-version":[{"id":5912,"href":"https:\/\/teksubaglanti.com.tr\/index.php?rest_route=\/wp\/v2\/pages\/5736\/revisions\/5912"}],"wp:attachment":[{"href":"https:\/\/teksubaglanti.com.tr\/index.php?rest_route=%2Fwp%2Fv2%2Fmedia&parent=5736"}],"curies":[{"name":"wp","href":"https:\/\/api.w.org\/{rel}","templated":true}]}}